{"id":4409,"date":"2025-02-08T22:49:49","date_gmt":"2025-02-08T22:49:49","guid":{"rendered":"https:\/\/unopex.com\/thank-you\/"},"modified":"2025-09-10T17:52:51","modified_gmt":"2025-09-10T17:52:51","slug":"tesekkur","status":"publish","type":"page","link":"https:\/\/unopex.com\/tr\/tesekkur\/","title":{"rendered":"Te\u015fekk\u00fcr"},"content":{"rendered":"<style>.wp-block-kadence-advancedheading.kt-adv-heading4409_39c882-3b, .wp-block-kadence-advancedheading.kt-adv-heading4409_39c882-3b[data-kb-block=\"kb-adv-heading4409_39c882-3b\"]{padding-top:0px;padding-right:0px;padding-bottom:20px;padding-left:0px;margin-top:0px;margin-right:0px;margin-bottom:0px;margin-left:0px;text-align:center;font-style:normal;text-transform:capitalize;}.wp-block-kadence-advancedheading.kt-adv-heading4409_39c882-3b mark.kt-highlight, .wp-block-kadence-advancedheading.kt-adv-heading4409_39c882-3b[data-kb-block=\"kb-adv-heading4409_39c882-3b\"] mark.kt-highlight{font-style:normal;color:#f76a0c;-webkit-box-decoration-break:clone;box-decoration-break:clone;padding-top:0px;padding-right:0px;padding-bottom:0px;padding-left:0px;}.wp-block-kadence-advancedheading.kt-adv-heading4409_39c882-3b img.kb-inline-image, .wp-block-kadence-advancedheading.kt-adv-heading4409_39c882-3b[data-kb-block=\"kb-adv-heading4409_39c882-3b\"] img.kb-inline-image{width:150px;vertical-align:baseline;}<\/style>\n<h1 class=\"kt-adv-heading4409_39c882-3b wp-block-kadence-advancedheading has-theme-palette-3-color has-text-color\" data-kb-block=\"kb-adv-heading4409_39c882-3b\">Te\u015fekk\u00fcrler<\/h1>\n\n\n<style>.kb-row-layout-id4409_3978be-02 > .kt-row-column-wrap{align-content:start;}:where(.kb-row-layout-id4409_3978be-02 > .kt-row-column-wrap) > .wp-block-kadence-column{justify-content:start;}.kb-row-layout-id4409_3978be-02 > .kt-row-column-wrap{column-gap:var(--global-kb-gap-md, 2rem);row-gap:var(--global-kb-gap-md, 2rem);padding-top:var(--global-kb-spacing-sm, 1.5rem);padding-bottom:var(--global-kb-spacing-sm, 1.5rem);}.kb-row-layout-id4409_3978be-02 > .kt-row-column-wrap > div:not(.added-for-specificity){grid-column:initial;}.kb-row-layout-id4409_3978be-02 > .kt-row-column-wrap{grid-template-columns:repeat(3, minmax(0, 1fr));}.kb-row-layout-id4409_3978be-02 > .kt-row-layout-overlay{opacity:0.30;}@media all and (max-width: 1024px){.kb-row-layout-id4409_3978be-02 > .kt-row-column-wrap > div:not(.added-for-specificity){grid-column:initial;}}@media all and (max-width: 1024px){.kb-row-layout-id4409_3978be-02 > .kt-row-column-wrap{grid-template-columns:repeat(3, minmax(0, 1fr));}}@media all and (max-width: 767px){.kb-row-layout-id4409_3978be-02 > .kt-row-column-wrap > div:not(.added-for-specificity){grid-column:initial;}.kb-row-layout-id4409_3978be-02 > .kt-row-column-wrap{grid-template-columns:minmax(0, 1fr);}}<\/style><div class=\"kb-row-layout-wrap kb-row-layout-id4409_3978be-02 alignnone wp-block-kadence-rowlayout\"><div class=\"kt-row-column-wrap kt-has-3-columns kt-row-layout-equal kt-tab-layout-inherit kt-mobile-layout-row kt-row-valign-top\">\n<style>.kadence-column4409_78a34e-a4 > .kt-inside-inner-col,.kadence-column4409_78a34e-a4 > .kt-inside-inner-col:before{border-top-left-radius:0px;border-top-right-radius:0px;border-bottom-right-radius:0px;border-bottom-left-radius:0px;}.kadence-column4409_78a34e-a4 > .kt-inside-inner-col{column-gap:var(--global-kb-gap-sm, 1rem);}.kadence-column4409_78a34e-a4 > .kt-inside-inner-col{flex-direction:column;}.kadence-column4409_78a34e-a4 > .kt-inside-inner-col > .aligncenter{width:100%;}.kadence-column4409_78a34e-a4 > .kt-inside-inner-col:before{opacity:0.3;}.kadence-column4409_78a34e-a4{position:relative;}@media all and (max-width: 1024px){.kadence-column4409_78a34e-a4 > .kt-inside-inner-col{flex-direction:column;justify-content:center;}}@media all and (max-width: 767px){.kadence-column4409_78a34e-a4 > .kt-inside-inner-col{flex-direction:column;justify-content:center;}}<\/style>\n<div class=\"wp-block-kadence-column kadence-column4409_78a34e-a4\"><div class=\"kt-inside-inner-col\"><\/div><\/div>\n\n\n<style>.kadence-column4409_cfc98d-12 > .kt-inside-inner-col,.kadence-column4409_cfc98d-12 > .kt-inside-inner-col:before{border-top-left-radius:0px;border-top-right-radius:0px;border-bottom-right-radius:0px;border-bottom-left-radius:0px;}.kadence-column4409_cfc98d-12 > .kt-inside-inner-col{column-gap:var(--global-kb-gap-sm, 1rem);}.kadence-column4409_cfc98d-12 > .kt-inside-inner-col{flex-direction:column;}.kadence-column4409_cfc98d-12 > .kt-inside-inner-col > .aligncenter{width:100%;}.kadence-column4409_cfc98d-12 > .kt-inside-inner-col:before{opacity:0.3;}.kadence-column4409_cfc98d-12{position:relative;}@media all and (max-width: 1024px){.kadence-column4409_cfc98d-12 > .kt-inside-inner-col{flex-direction:column;justify-content:center;}}@media all and (max-width: 767px){.kadence-column4409_cfc98d-12 > .kt-inside-inner-col{flex-direction:column;justify-content:center;}}<\/style>\n<div class=\"wp-block-kadence-column kadence-column4409_cfc98d-12\"><div class=\"kt-inside-inner-col\"><style>.kb-image4409_9a205c-f1:not(.kb-image-is-ratio-size) .kb-img, .kb-image4409_9a205c-f1.kb-image-is-ratio-size{padding-top:0px;padding-right:var(--global-kb-spacing-md, 2rem);padding-left:var(--global-kb-spacing-md, 2rem);}.kb-image4409_9a205c-f1 .kb-image-has-overlay:after{opacity:0.3;}<\/style>\n<figure class=\"wp-block-kadence-image kb-image4409_9a205c-f1 size-full\"><img loading=\"lazy\" decoding=\"async\" width=\"600\" height=\"600\" src=\"https:\/\/unopex.com\/wp-content\/uploads\/2025\/02\/okay.png\" alt=\"\" class=\"kb-img wp-image-2510\" srcset=\"https:\/\/unopex.com\/wp-content\/uploads\/2025\/02\/okay.png 600w, https:\/\/unopex.com\/wp-content\/uploads\/2025\/02\/okay-300x300.png 300w, https:\/\/unopex.com\/wp-content\/uploads\/2025\/02\/okay-150x150.png 150w\" sizes=\"auto, (max-width: 600px) 100vw, 600px\" \/><\/figure>\n<\/div><\/div>\n\n\n<style>.kadence-column4409_a71af6-00 > .kt-inside-inner-col,.kadence-column4409_a71af6-00 > .kt-inside-inner-col:before{border-top-left-radius:0px;border-top-right-radius:0px;border-bottom-right-radius:0px;border-bottom-left-radius:0px;}.kadence-column4409_a71af6-00 > .kt-inside-inner-col{column-gap:var(--global-kb-gap-sm, 1rem);}.kadence-column4409_a71af6-00 > .kt-inside-inner-col{flex-direction:column;}.kadence-column4409_a71af6-00 > .kt-inside-inner-col > .aligncenter{width:100%;}.kadence-column4409_a71af6-00 > .kt-inside-inner-col:before{opacity:0.3;}.kadence-column4409_a71af6-00{position:relative;}@media all and (max-width: 1024px){.kadence-column4409_a71af6-00 > .kt-inside-inner-col{flex-direction:column;justify-content:center;}}@media all and (max-width: 767px){.kadence-column4409_a71af6-00 > .kt-inside-inner-col{flex-direction:column;justify-content:center;}}<\/style>\n<div class=\"wp-block-kadence-column kadence-column4409_a71af6-00\"><div class=\"kt-inside-inner-col\"><\/div><\/div>\n\n<\/div><\/div>\n\n<style>.kb-row-layout-id4409_49be2e-30 > .kt-row-column-wrap{align-content:start;}:where(.kb-row-layout-id4409_49be2e-30 > .kt-row-column-wrap) > .wp-block-kadence-column{justify-content:start;}.kb-row-layout-id4409_49be2e-30 > .kt-row-column-wrap{column-gap:var(--global-kb-gap-md, 2rem);row-gap:var(--global-kb-gap-md, 2rem);padding-top:var(--global-kb-spacing-sm, 1.5rem);padding-bottom:var(--global-kb-spacing-sm, 1.5rem);grid-template-columns:minmax(0, 1fr);}.kb-row-layout-id4409_49be2e-30 > .kt-row-layout-overlay{opacity:0.30;}@media all and (max-width: 1024px){.kb-row-layout-id4409_49be2e-30 > .kt-row-column-wrap{grid-template-columns:minmax(0, 1fr);}}@media all and (max-width: 767px){.kb-row-layout-id4409_49be2e-30 > .kt-row-column-wrap{grid-template-columns:minmax(0, 1fr);}}<\/style><div class=\"kb-row-layout-wrap kb-row-layout-id4409_49be2e-30 alignnone wp-block-kadence-rowlayout\"><div class=\"kt-row-column-wrap kt-has-1-columns kt-row-layout-equal kt-tab-layout-inherit kt-mobile-layout-row kt-row-valign-top\">\n<style>.kadence-column4409_810f9b-bc > .kt-inside-inner-col,.kadence-column4409_810f9b-bc > .kt-inside-inner-col:before{border-top-left-radius:0px;border-top-right-radius:0px;border-bottom-right-radius:0px;border-bottom-left-radius:0px;}.kadence-column4409_810f9b-bc > .kt-inside-inner-col{column-gap:var(--global-kb-gap-sm, 1rem);}.kadence-column4409_810f9b-bc > .kt-inside-inner-col{flex-direction:column;}.kadence-column4409_810f9b-bc > .kt-inside-inner-col > .aligncenter{width:100%;}.kadence-column4409_810f9b-bc > .kt-inside-inner-col:before{opacity:0.3;}.kadence-column4409_810f9b-bc{position:relative;}@media all and (max-width: 1024px){.kadence-column4409_810f9b-bc > .kt-inside-inner-col{flex-direction:column;justify-content:center;}}@media all and (max-width: 767px){.kadence-column4409_810f9b-bc > .kt-inside-inner-col{flex-direction:column;justify-content:center;}}<\/style>\n<div class=\"wp-block-kadence-column kadence-column4409_810f9b-bc\"><div class=\"kt-inside-inner-col\"><style>.wp-block-kadence-advancedheading.kt-adv-heading4409_ac815b-b4, .wp-block-kadence-advancedheading.kt-adv-heading4409_ac815b-b4[data-kb-block=\"kb-adv-heading4409_ac815b-b4\"]{padding-right:0px;padding-left:0px;text-align:center;font-style:normal;}.wp-block-kadence-advancedheading.kt-adv-heading4409_ac815b-b4 mark.kt-highlight, .wp-block-kadence-advancedheading.kt-adv-heading4409_ac815b-b4[data-kb-block=\"kb-adv-heading4409_ac815b-b4\"] mark.kt-highlight{font-style:normal;color:#f76a0c;-webkit-box-decoration-break:clone;box-decoration-break:clone;padding-top:0px;padding-right:0px;padding-bottom:0px;padding-left:0px;}.wp-block-kadence-advancedheading.kt-adv-heading4409_ac815b-b4 img.kb-inline-image, .wp-block-kadence-advancedheading.kt-adv-heading4409_ac815b-b4[data-kb-block=\"kb-adv-heading4409_ac815b-b4\"] img.kb-inline-image{width:150px;vertical-align:baseline;}@media all and (max-width: 767px){.wp-block-kadence-advancedheading.kt-adv-heading4409_ac815b-b4, .wp-block-kadence-advancedheading.kt-adv-heading4409_ac815b-b4[data-kb-block=\"kb-adv-heading4409_ac815b-b4\"]{padding-right:0px;padding-left:0px;}}<\/style>\n<p class=\"kt-adv-heading4409_ac815b-b4 wp-block-kadence-advancedheading has-theme-palette-3-color has-text-color\" data-kb-block=\"kb-adv-heading4409_ac815b-b4\">Formunuz ba\u015far\u0131l\u0131 \u015fekilde iletilmi\u015ftir.<\/p>\n<\/div><\/div>\n\n\n<style>.kadence-column4409_b2648a-bb > .kt-inside-inner-col,.kadence-column4409_b2648a-bb > .kt-inside-inner-col:before{border-top-left-radius:0px;border-top-right-radius:0px;border-bottom-right-radius:0px;border-bottom-left-radius:0px;}.kadence-column4409_b2648a-bb > .kt-inside-inner-col{column-gap:var(--global-kb-gap-sm, 1rem);}.kadence-column4409_b2648a-bb > .kt-inside-inner-col{flex-direction:column;}.kadence-column4409_b2648a-bb > .kt-inside-inner-col > .aligncenter{width:100%;}.kadence-column4409_b2648a-bb > .kt-inside-inner-col:before{opacity:0.3;}.kadence-column4409_b2648a-bb{position:relative;}@media all and (max-width: 1024px){.kadence-column4409_b2648a-bb > .kt-inside-inner-col{flex-direction:column;justify-content:center;}}@media all and (max-width: 767px){.kadence-column4409_b2648a-bb > .kt-inside-inner-col{flex-direction:column;justify-content:center;}}<\/style>\n<div class=\"wp-block-kadence-column kadence-column4409_b2648a-bb\"><div class=\"kt-inside-inner-col\"><style>.wp-block-kadence-advancedbtn.kb-btns4409_c83f5f-fd{gap:var(--global-kb-gap-xs, 0.5rem );justify-content:center;align-items:center;}.kt-btns4409_c83f5f-fd .kt-button{font-weight:normal;font-style:normal;}.kt-btns4409_c83f5f-fd .kt-btn-wrap-0{margin-right:5px;}.wp-block-kadence-advancedbtn.kt-btns4409_c83f5f-fd .kt-btn-wrap-0 .kt-button{color:#555555;border-color:#555555;}.wp-block-kadence-advancedbtn.kt-btns4409_c83f5f-fd .kt-btn-wrap-0 .kt-button:hover, .wp-block-kadence-advancedbtn.kt-btns4409_c83f5f-fd .kt-btn-wrap-0 .kt-button:focus{color:#ffffff;border-color:#444444;}.wp-block-kadence-advancedbtn.kt-btns4409_c83f5f-fd .kt-btn-wrap-0 .kt-button::before{display:none;}.wp-block-kadence-advancedbtn.kt-btns4409_c83f5f-fd .kt-btn-wrap-0 .kt-button:hover, .wp-block-kadence-advancedbtn.kt-btns4409_c83f5f-fd .kt-btn-wrap-0 .kt-button:focus{background:#444444;}<\/style>\n<div class=\"wp-block-kadence-advancedbtn kb-buttons-wrap kb-btns4409_c83f5f-fd\"><style>ul.menu .wp-block-kadence-advancedbtn .kb-btn4409_bba3ba-64.kb-button{width:initial;}<\/style><a class=\"kb-button kt-button button kb-btn4409_bba3ba-64 kt-btn-size-standard kt-btn-width-type-auto kb-btn-global-fill  kt-btn-has-text-true kt-btn-has-svg-false  wp-block-kadence-singlebtn\" href=\"https:\/\/unopex.com\/tr\/\"><span class=\"kt-btn-inner-text\">Ana Sayfa<\/span><\/a><\/div>\n<\/div><\/div>\n\n<\/div><\/div>\n\n\n<p><\/p>\n","protected":false},"excerpt":{"rendered":"<p>Te\u015fekk\u00fcrler Formunuz ba\u015far\u0131l\u0131 \u015fekilde iletilmi\u015ftir.<\/p>\n","protected":false},"author":1,"featured_media":0,"parent":0,"menu_order":0,"comment_status":"closed","ping_status":"closed","template":"","meta":{"_kad_blocks_custom_css":"","_kad_blocks_head_custom_js":"","_kad_blocks_body_custom_js":"","_kad_blocks_footer_custom_js":"","_kadence_starter_templates_imported_post":true,"_kad_post_transparent":"","_kad_post_title":"","_kad_post_layout":"","_kad_post_sidebar_id":"","_kad_post_content_style":"","_kad_post_vertical_padding":"","_kad_post_feature":"","_kad_post_feature_position":"","_kad_post_header":false,"_kad_post_footer":false,"_kad_post_classname":"","footnotes":""},"class_list":["post-4409","page","type-page","status-publish","hentry"],"taxonomy_info":[],"featured_image_src_large":false,"author_info":{"display_name":"admin","author_link":"https:\/\/unopex.com\/tr\/author\/admin\/"},"comment_info":0,"_links":{"self":[{"href":"https:\/\/unopex.com\/tr\/wp-json\/wp\/v2\/pages\/4409","targetHints":{"allow":["GET"]}}],"collection":[{"href":"https:\/\/unopex.com\/tr\/wp-json\/wp\/v2\/pages"}],"about":[{"href":"https:\/\/unopex.com\/tr\/wp-json\/wp\/v2\/types\/page"}],"author":[{"embeddable":true,"href":"https:\/\/unopex.com\/tr\/wp-json\/wp\/v2\/users\/1"}],"replies":[{"embeddable":true,"href":"https:\/\/unopex.com\/tr\/wp-json\/wp\/v2\/comments?post=4409"}],"version-history":[{"count":0,"href":"https:\/\/unopex.com\/tr\/wp-json\/wp\/v2\/pages\/4409\/revisions"}],"wp:attachment":[{"href":"https:\/\/unopex.com\/tr\/wp-json\/wp\/v2\/media?parent=4409"}],"curies":[{"name":"wp","href":"https:\/\/api.w.org\/{rel}","templated":true}]}}