{"id":5358,"date":"2025-02-08T22:49:49","date_gmt":"2025-02-08T22:49:49","guid":{"rendered":"https:\/\/unopex.com\/thank-you\/"},"modified":"2025-09-12T20:32:33","modified_gmt":"2025-09-12T20:32:33","slug":"obrigado","status":"publish","type":"page","link":"https:\/\/unopex.com\/pt-br\/obrigado\/","title":{"rendered":"Obrigado"},"content":{"rendered":"<style>.wp-block-kadence-advancedheading.kt-adv-heading5358_264467-2b, .wp-block-kadence-advancedheading.kt-adv-heading5358_264467-2b[data-kb-block=\"kb-adv-heading5358_264467-2b\"]{padding-top:0px;padding-right:0px;padding-bottom:20px;padding-left:0px;margin-top:0px;margin-right:0px;margin-bottom:0px;margin-left:0px;text-align:center;font-style:normal;text-transform:capitalize;}.wp-block-kadence-advancedheading.kt-adv-heading5358_264467-2b mark.kt-highlight, .wp-block-kadence-advancedheading.kt-adv-heading5358_264467-2b[data-kb-block=\"kb-adv-heading5358_264467-2b\"] mark.kt-highlight{font-style:normal;color:#f76a0c;-webkit-box-decoration-break:clone;box-decoration-break:clone;padding-top:0px;padding-right:0px;padding-bottom:0px;padding-left:0px;}.wp-block-kadence-advancedheading.kt-adv-heading5358_264467-2b img.kb-inline-image, .wp-block-kadence-advancedheading.kt-adv-heading5358_264467-2b[data-kb-block=\"kb-adv-heading5358_264467-2b\"] img.kb-inline-image{width:150px;vertical-align:baseline;}<\/style>\n<h1 class=\"kt-adv-heading5358_264467-2b wp-block-kadence-advancedheading has-theme-palette-3-color has-text-color\" data-kb-block=\"kb-adv-heading5358_264467-2b\">Obrigado<\/h1>\n\n\n<style>.kb-row-layout-id5358_99c33c-16 > .kt-row-column-wrap{align-content:start;}:where(.kb-row-layout-id5358_99c33c-16 > .kt-row-column-wrap) > .wp-block-kadence-column{justify-content:start;}.kb-row-layout-id5358_99c33c-16 > .kt-row-column-wrap{column-gap:var(--global-kb-gap-md, 2rem);row-gap:var(--global-kb-gap-md, 2rem);padding-top:var(--global-kb-spacing-sm, 1.5rem);padding-bottom:var(--global-kb-spacing-sm, 1.5rem);}.kb-row-layout-id5358_99c33c-16 > .kt-row-column-wrap > div:not(.added-for-specificity){grid-column:initial;}.kb-row-layout-id5358_99c33c-16 > .kt-row-column-wrap{grid-template-columns:repeat(3, minmax(0, 1fr));}.kb-row-layout-id5358_99c33c-16 > .kt-row-layout-overlay{opacity:0.30;}@media all and (max-width: 1024px){.kb-row-layout-id5358_99c33c-16 > .kt-row-column-wrap > div:not(.added-for-specificity){grid-column:initial;}}@media all and (max-width: 1024px){.kb-row-layout-id5358_99c33c-16 > .kt-row-column-wrap{grid-template-columns:repeat(3, minmax(0, 1fr));}}@media all and (max-width: 767px){.kb-row-layout-id5358_99c33c-16 > .kt-row-column-wrap > div:not(.added-for-specificity){grid-column:initial;}.kb-row-layout-id5358_99c33c-16 > .kt-row-column-wrap{grid-template-columns:minmax(0, 1fr);}}<\/style><div class=\"kb-row-layout-wrap kb-row-layout-id5358_99c33c-16 alignnone wp-block-kadence-rowlayout\"><div class=\"kt-row-column-wrap kt-has-3-columns kt-row-layout-equal kt-tab-layout-inherit kt-mobile-layout-row kt-row-valign-top\">\n<style>.kadence-column5358_f80be5-19 > .kt-inside-inner-col,.kadence-column5358_f80be5-19 > .kt-inside-inner-col:before{border-top-left-radius:0px;border-top-right-radius:0px;border-bottom-right-radius:0px;border-bottom-left-radius:0px;}.kadence-column5358_f80be5-19 > .kt-inside-inner-col{column-gap:var(--global-kb-gap-sm, 1rem);}.kadence-column5358_f80be5-19 > .kt-inside-inner-col{flex-direction:column;}.kadence-column5358_f80be5-19 > .kt-inside-inner-col > .aligncenter{width:100%;}.kadence-column5358_f80be5-19 > .kt-inside-inner-col:before{opacity:0.3;}.kadence-column5358_f80be5-19{position:relative;}@media all and (max-width: 1024px){.kadence-column5358_f80be5-19 > .kt-inside-inner-col{flex-direction:column;justify-content:center;}}@media all and (max-width: 767px){.kadence-column5358_f80be5-19 > .kt-inside-inner-col{flex-direction:column;justify-content:center;}}<\/style>\n<div class=\"wp-block-kadence-column kadence-column5358_f80be5-19\"><div class=\"kt-inside-inner-col\"><\/div><\/div>\n\n\n<style>.kadence-column5358_94db94-4b > .kt-inside-inner-col,.kadence-column5358_94db94-4b > .kt-inside-inner-col:before{border-top-left-radius:0px;border-top-right-radius:0px;border-bottom-right-radius:0px;border-bottom-left-radius:0px;}.kadence-column5358_94db94-4b > .kt-inside-inner-col{column-gap:var(--global-kb-gap-sm, 1rem);}.kadence-column5358_94db94-4b > .kt-inside-inner-col{flex-direction:column;}.kadence-column5358_94db94-4b > .kt-inside-inner-col > .aligncenter{width:100%;}.kadence-column5358_94db94-4b > .kt-inside-inner-col:before{opacity:0.3;}.kadence-column5358_94db94-4b{position:relative;}@media all and (max-width: 1024px){.kadence-column5358_94db94-4b > .kt-inside-inner-col{flex-direction:column;justify-content:center;}}@media all and (max-width: 767px){.kadence-column5358_94db94-4b > .kt-inside-inner-col{flex-direction:column;justify-content:center;}}<\/style>\n<div class=\"wp-block-kadence-column kadence-column5358_94db94-4b\"><div class=\"kt-inside-inner-col\"><style>.kb-image5358_6e42d8-d5:not(.kb-image-is-ratio-size) .kb-img, .kb-image5358_6e42d8-d5.kb-image-is-ratio-size{padding-top:0px;padding-right:var(--global-kb-spacing-md, 2rem);padding-left:var(--global-kb-spacing-md, 2rem);}.kb-image5358_6e42d8-d5 .kb-image-has-overlay:after{opacity:0.3;}<\/style>\n<figure class=\"wp-block-kadence-image kb-image5358_6e42d8-d5 size-full\"><img loading=\"lazy\" decoding=\"async\" width=\"600\" height=\"600\" src=\"https:\/\/unopex.com\/wp-content\/uploads\/2025\/02\/okay.png\" alt=\"\" class=\"kb-img wp-image-2510\" srcset=\"https:\/\/unopex.com\/wp-content\/uploads\/2025\/02\/okay.png 600w, https:\/\/unopex.com\/wp-content\/uploads\/2025\/02\/okay-300x300.png 300w, https:\/\/unopex.com\/wp-content\/uploads\/2025\/02\/okay-150x150.png 150w\" sizes=\"auto, (max-width: 600px) 100vw, 600px\" \/><\/figure>\n<\/div><\/div>\n\n\n<style>.kadence-column5358_dfa4d0-96 > .kt-inside-inner-col,.kadence-column5358_dfa4d0-96 > .kt-inside-inner-col:before{border-top-left-radius:0px;border-top-right-radius:0px;border-bottom-right-radius:0px;border-bottom-left-radius:0px;}.kadence-column5358_dfa4d0-96 > .kt-inside-inner-col{column-gap:var(--global-kb-gap-sm, 1rem);}.kadence-column5358_dfa4d0-96 > .kt-inside-inner-col{flex-direction:column;}.kadence-column5358_dfa4d0-96 > .kt-inside-inner-col > .aligncenter{width:100%;}.kadence-column5358_dfa4d0-96 > .kt-inside-inner-col:before{opacity:0.3;}.kadence-column5358_dfa4d0-96{position:relative;}@media all and (max-width: 1024px){.kadence-column5358_dfa4d0-96 > .kt-inside-inner-col{flex-direction:column;justify-content:center;}}@media all and (max-width: 767px){.kadence-column5358_dfa4d0-96 > .kt-inside-inner-col{flex-direction:column;justify-content:center;}}<\/style>\n<div class=\"wp-block-kadence-column kadence-column5358_dfa4d0-96\"><div class=\"kt-inside-inner-col\"><\/div><\/div>\n\n<\/div><\/div>\n\n<style>.kb-row-layout-id5358_562ded-d7 > .kt-row-column-wrap{align-content:start;}:where(.kb-row-layout-id5358_562ded-d7 > .kt-row-column-wrap) > .wp-block-kadence-column{justify-content:start;}.kb-row-layout-id5358_562ded-d7 > .kt-row-column-wrap{column-gap:var(--global-kb-gap-md, 2rem);row-gap:var(--global-kb-gap-md, 2rem);padding-top:var(--global-kb-spacing-sm, 1.5rem);padding-bottom:var(--global-kb-spacing-sm, 1.5rem);grid-template-columns:minmax(0, 1fr);}.kb-row-layout-id5358_562ded-d7 > .kt-row-layout-overlay{opacity:0.30;}@media all and (max-width: 1024px){.kb-row-layout-id5358_562ded-d7 > .kt-row-column-wrap{grid-template-columns:minmax(0, 1fr);}}@media all and (max-width: 767px){.kb-row-layout-id5358_562ded-d7 > .kt-row-column-wrap{grid-template-columns:minmax(0, 1fr);}}<\/style><div class=\"kb-row-layout-wrap kb-row-layout-id5358_562ded-d7 alignnone wp-block-kadence-rowlayout\"><div class=\"kt-row-column-wrap kt-has-1-columns kt-row-layout-equal kt-tab-layout-inherit kt-mobile-layout-row kt-row-valign-top\">\n<style>.kadence-column5358_a20a1b-79 > .kt-inside-inner-col,.kadence-column5358_a20a1b-79 > .kt-inside-inner-col:before{border-top-left-radius:0px;border-top-right-radius:0px;border-bottom-right-radius:0px;border-bottom-left-radius:0px;}.kadence-column5358_a20a1b-79 > .kt-inside-inner-col{column-gap:var(--global-kb-gap-sm, 1rem);}.kadence-column5358_a20a1b-79 > .kt-inside-inner-col{flex-direction:column;}.kadence-column5358_a20a1b-79 > .kt-inside-inner-col > .aligncenter{width:100%;}.kadence-column5358_a20a1b-79 > .kt-inside-inner-col:before{opacity:0.3;}.kadence-column5358_a20a1b-79{position:relative;}@media all and (max-width: 1024px){.kadence-column5358_a20a1b-79 > .kt-inside-inner-col{flex-direction:column;justify-content:center;}}@media all and (max-width: 767px){.kadence-column5358_a20a1b-79 > .kt-inside-inner-col{flex-direction:column;justify-content:center;}}<\/style>\n<div class=\"wp-block-kadence-column kadence-column5358_a20a1b-79\"><div class=\"kt-inside-inner-col\"><style>.wp-block-kadence-advancedheading.kt-adv-heading5358_c9e44c-8c, .wp-block-kadence-advancedheading.kt-adv-heading5358_c9e44c-8c[data-kb-block=\"kb-adv-heading5358_c9e44c-8c\"]{padding-right:0px;padding-left:0px;text-align:center;font-style:normal;}.wp-block-kadence-advancedheading.kt-adv-heading5358_c9e44c-8c mark.kt-highlight, .wp-block-kadence-advancedheading.kt-adv-heading5358_c9e44c-8c[data-kb-block=\"kb-adv-heading5358_c9e44c-8c\"] mark.kt-highlight{font-style:normal;color:#f76a0c;-webkit-box-decoration-break:clone;box-decoration-break:clone;padding-top:0px;padding-right:0px;padding-bottom:0px;padding-left:0px;}.wp-block-kadence-advancedheading.kt-adv-heading5358_c9e44c-8c img.kb-inline-image, .wp-block-kadence-advancedheading.kt-adv-heading5358_c9e44c-8c[data-kb-block=\"kb-adv-heading5358_c9e44c-8c\"] img.kb-inline-image{width:150px;vertical-align:baseline;}@media all and (max-width: 767px){.wp-block-kadence-advancedheading.kt-adv-heading5358_c9e44c-8c, .wp-block-kadence-advancedheading.kt-adv-heading5358_c9e44c-8c[data-kb-block=\"kb-adv-heading5358_c9e44c-8c\"]{padding-right:0px;padding-left:0px;}}<\/style>\n<p class=\"kt-adv-heading5358_c9e44c-8c wp-block-kadence-advancedheading has-theme-palette-3-color has-text-color\" data-kb-block=\"kb-adv-heading5358_c9e44c-8c\">Seu formul\u00e1rio foi enviado com sucesso. Nossos especialistas entrar\u00e3o em contato com voc\u00ea o mais r\u00e1pido poss\u00edvel.<\/p>\n<\/div><\/div>\n\n\n<style>.kadence-column5358_0fc72b-c2 > .kt-inside-inner-col,.kadence-column5358_0fc72b-c2 > .kt-inside-inner-col:before{border-top-left-radius:0px;border-top-right-radius:0px;border-bottom-right-radius:0px;border-bottom-left-radius:0px;}.kadence-column5358_0fc72b-c2 > .kt-inside-inner-col{column-gap:var(--global-kb-gap-sm, 1rem);}.kadence-column5358_0fc72b-c2 > .kt-inside-inner-col{flex-direction:column;}.kadence-column5358_0fc72b-c2 > .kt-inside-inner-col > .aligncenter{width:100%;}.kadence-column5358_0fc72b-c2 > .kt-inside-inner-col:before{opacity:0.3;}.kadence-column5358_0fc72b-c2{position:relative;}@media all and (max-width: 1024px){.kadence-column5358_0fc72b-c2 > .kt-inside-inner-col{flex-direction:column;justify-content:center;}}@media all and (max-width: 767px){.kadence-column5358_0fc72b-c2 > .kt-inside-inner-col{flex-direction:column;justify-content:center;}}<\/style>\n<div class=\"wp-block-kadence-column kadence-column5358_0fc72b-c2\"><div class=\"kt-inside-inner-col\"><style>.wp-block-kadence-advancedbtn.kb-btns5358_8bd2b5-a7{gap:var(--global-kb-gap-xs, 0.5rem );justify-content:center;align-items:center;}.kt-btns5358_8bd2b5-a7 .kt-button{font-weight:normal;font-style:normal;}.kt-btns5358_8bd2b5-a7 .kt-btn-wrap-0{margin-right:5px;}.wp-block-kadence-advancedbtn.kt-btns5358_8bd2b5-a7 .kt-btn-wrap-0 .kt-button{color:#555555;border-color:#555555;}.wp-block-kadence-advancedbtn.kt-btns5358_8bd2b5-a7 .kt-btn-wrap-0 .kt-button:hover, .wp-block-kadence-advancedbtn.kt-btns5358_8bd2b5-a7 .kt-btn-wrap-0 .kt-button:focus{color:#ffffff;border-color:#444444;}.wp-block-kadence-advancedbtn.kt-btns5358_8bd2b5-a7 .kt-btn-wrap-0 .kt-button::before{display:none;}.wp-block-kadence-advancedbtn.kt-btns5358_8bd2b5-a7 .kt-btn-wrap-0 .kt-button:hover, .wp-block-kadence-advancedbtn.kt-btns5358_8bd2b5-a7 .kt-btn-wrap-0 .kt-button:focus{background:#444444;}<\/style>\n<div class=\"wp-block-kadence-advancedbtn kb-buttons-wrap kb-btns5358_8bd2b5-a7\"><style>ul.menu .wp-block-kadence-advancedbtn .kb-btn5358_487167-02.kb-button{width:initial;}<\/style><a class=\"kb-button kt-button button kb-btn5358_487167-02 kt-btn-size-standard kt-btn-width-type-auto kb-btn-global-fill  kt-btn-has-text-true kt-btn-has-svg-false  wp-block-kadence-singlebtn\" href=\"https:\/\/unopex.com\/pt-br\/\"><span class=\"kt-btn-inner-text\">In\u00edcio<\/span><\/a><\/div>\n<\/div><\/div>\n\n<\/div><\/div>\n\n\n<p><\/p>\n","protected":false},"excerpt":{"rendered":"<p>Obrigado Seu formul\u00e1rio foi enviado com sucesso. Nossos especialistas entrar\u00e3o em contato com voc\u00ea o mais r\u00e1pido poss\u00edvel.<\/p>\n","protected":false},"author":1,"featured_media":0,"parent":0,"menu_order":0,"comment_status":"closed","ping_status":"closed","template":"","meta":{"_kad_blocks_custom_css":"","_kad_blocks_head_custom_js":"","_kad_blocks_body_custom_js":"","_kad_blocks_footer_custom_js":"","_kadence_starter_templates_imported_post":true,"_kad_post_transparent":"","_kad_post_title":"","_kad_post_layout":"","_kad_post_sidebar_id":"","_kad_post_content_style":"","_kad_post_vertical_padding":"","_kad_post_feature":"","_kad_post_feature_position":"","_kad_post_header":false,"_kad_post_footer":false,"_kad_post_classname":"","footnotes":""},"class_list":["post-5358","page","type-page","status-publish","hentry"],"taxonomy_info":[],"featured_image_src_large":false,"author_info":{"display_name":"admin","author_link":"https:\/\/unopex.com\/pt-br\/author\/admin\/"},"comment_info":0,"_links":{"self":[{"href":"https:\/\/unopex.com\/pt-br\/wp-json\/wp\/v2\/pages\/5358","targetHints":{"allow":["GET"]}}],"collection":[{"href":"https:\/\/unopex.com\/pt-br\/wp-json\/wp\/v2\/pages"}],"about":[{"href":"https:\/\/unopex.com\/pt-br\/wp-json\/wp\/v2\/types\/page"}],"author":[{"embeddable":true,"href":"https:\/\/unopex.com\/pt-br\/wp-json\/wp\/v2\/users\/1"}],"replies":[{"embeddable":true,"href":"https:\/\/unopex.com\/pt-br\/wp-json\/wp\/v2\/comments?post=5358"}],"version-history":[{"count":0,"href":"https:\/\/unopex.com\/pt-br\/wp-json\/wp\/v2\/pages\/5358\/revisions"}],"wp:attachment":[{"href":"https:\/\/unopex.com\/pt-br\/wp-json\/wp\/v2\/media?parent=5358"}],"curies":[{"name":"wp","href":"https:\/\/api.w.org\/{rel}","templated":true}]}}